{"id":4987,"date":"2013-12-03T06:52:47","date_gmt":"2013-12-03T06:52:47","guid":{"rendered":"https:\/\/petador.cetrexmarketing.com\/contacte\/"},"modified":"2025-10-28T10:29:45","modified_gmt":"2025-10-28T10:29:45","slug":"contacto","status":"publish","type":"page","link":"https:\/\/petador.cetrexmarketing.com\/es\/contacto\/","title":{"rendered":"Contacto"},"content":{"rendered":"<p>[vc_section full_width=\u00bbstretch_row\u00bb css=\u00bb.vc_custom_1755685334130{padding-top: 80px !important;padding-bottom: 80px !important;}\u00bb][vc_row content_placement=\u00bbtop\u00bb column_spacing=\u00bb0px\u00bb equal_height=\u00bbyes\u00bb remove_bottom_col_margin=\u00bbtrue\u00bb tablet_fullwidth_cols=\u00bbyes\u00bb max_width_custom=\u00bb1350px\u00bb css=\u00bb.vc_custom_1755685360985{padding-bottom: 40px !important;}\u00bb][vc_column parallax=\u00bbcontent-moving\u00bb][vc_column_text css=\u00bb\u00bb text_align=\u00bbcenter\u00bb color=\u00bbpalette-4724&#8243; font_size=\u00bb25px\u00bb font_weight=\u00bb400&#8243; line_height=\u00bbsnug\u00bb width=\u00bb950px\u00bb font_family=\u00bbHelveticaNeue LT Std Roman\u00bb]\u00a1Estamos encantados de hablar contigo! Tanto si quieres realizar una reserva para una degustaci\u00f3n, encargar un lote de productos, o simplemente tienes alguna consulta, puedes contactarnos de la manera que te sea m\u00e1s c\u00f3moda.[\/vc_column_text][\/vc_column][\/vc_row][vc_row content_placement=\u00bbtop\u00bb column_spacing=\u00bb0px\u00bb equal_height=\u00bbyes\u00bb remove_bottom_col_margin=\u00bbtrue\u00bb tablet_fullwidth_cols=\u00bbyes\u00bb max_width_custom=\u00bb1350px\u00bb][vc_column width=\u00bb1\/2&#8243; css=\u00bb.vc_custom_1755685550991{padding-top: 50px !important;padding-right: 40px !important;padding-bottom: 50px !important;padding-left: 40px !important;}\u00bb wpex_bg_overlay=\u00bbcolor\u00bb wpex_bg_overlay_color=\u00bb#f6f6f6&#8243; wpex_bg_overlay_opacity=\u00bb1&#8243;][vcex_heading text=\u00bbInformaci\u00f3n de contacto\u00bb tag=\u00bbh2&#8243; bottom_margin=\u00bb20px\u00bb color=\u00bbpalette-4645&#8243; font_size=\u00bb38px\u00bb text_align=\u00bbleft\u00bb font_family=\u00bbHighVoltage Rough\u00bb text_transform=\u00bbuppercase\u00bb][vcex_list_item icon=\u00bbticon ticon-phone-square\u00bb onclick=\u00bbcustom_link\u00bb onclick_target=\u00bb_blank\u00bb onclick_rel=\u00bbnofollow\u00bb text_align=\u00bbleft\u00bb color=\u00bbpalette-4723&#8243; font_size=\u00bb20px\u00bb font_color=\u00bbpalette-4724&#8243; onclick_url=\u00bbtel:+34932499232&#8243; bottom_margin=\u00bb10px\u00bb css=\u00bb.vc_custom_1755685487050{padding-top: 0px !important;padding-bottom: 0px !important;}\u00bb onclick_title=\u00bbTel\u00e8fon\u00bb]932 49 92 32[\/vcex_list_item][vcex_list_item icon=\u00bbticon ticon-envelope-square\u00bb onclick=\u00bbcustom_link\u00bb onclick_target=\u00bb_blank\u00bb onclick_rel=\u00bbnofollow\u00bb text_align=\u00bbleft\u00bb color=\u00bbpalette-4723&#8243; font_size=\u00bb20px\u00bb font_color=\u00bbpalette-4724&#8243; onclick_url=\u00bbmailto:info@petador.cat\u00bb bottom_margin=\u00bb10px\u00bb css=\u00bb.vc_custom_1755685647001{padding-top: 0px !important;padding-bottom: 0px !important;}\u00bb onclick_title=\u00bbEmail\u00bb]info@petador.cat[\/vcex_list_item][vcex_list_item icon=\u00bbticon ticon-map-marker\u00bb onclick=\u00bbcustom_link\u00bb onclick_target=\u00bb_blank\u00bb onclick_rel=\u00bbnofollow\u00bb text_align=\u00bbleft\u00bb color=\u00bbpalette-4723&#8243; font_size=\u00bb20px\u00bb font_color=\u00bbpalette-4724&#8243; onclick_url=\u00bbhttps:\/\/maps.app.goo.gl\/XGPBUa5bdsj8ppW28&#8243; bottom_margin=\u00bb10px\u00bb css=\u00bb.vc_custom_1755685737382{padding-top: 0px !important;padding-bottom: 0px !important;}\u00bb onclick_title=\u00bbLocalitzaci\u00f3\u00bb]Carrer de Gr\u00e0cia, 7<br \/>\n08201 Sabadell (BCN)[\/vcex_list_item][vcex_list_item icon_type=\u00bbfontawesome\u00bb icon_fontawesome=\u00bbfas fa-clock\u00bb onclick=\u00bbcustom_link\u00bb onclick_target=\u00bb_blank\u00bb onclick_rel=\u00bbnofollow\u00bb text_align=\u00bbleft\u00bb color=\u00bbpalette-4723&#8243; font_size=\u00bb20px\u00bb font_color=\u00bbpalette-4724&#8243; onclick_url=\u00bbtel:+34932499232&#8243; bottom_margin=\u00bb10px\u00bb css=\u00bb.vc_custom_1761646838224{padding-top: 0px !important;padding-bottom: 0px !important;}\u00bb onclick_title=\u00bbTel\u00e8fon\u00bb]<strong>Lunes a viernes:<\/strong> 10:00 a 14:00 y de 17:00 a 20:30<br \/>\n<strong>Sabados<\/strong> de 10:00 a 14:30<br \/>\n<strong>Domingos y festivos<\/strong> cerrado[\/vcex_list_item][vcex_divider align=\u00bbleft\u00bb width=\u00bb200px\u00bb height=\u00bb1px\u00bb color=\u00bb#ffffff47&#8243; margin=\u00bbtop:30px|bottom:30px\u00bb][\/vc_column][vc_column width=\u00bb1\/2&#8243; css=\u00bb.vc_custom_1755685561511{padding-top: 50px !important;padding-right: 40px !important;padding-bottom: 50px !important;padding-left: 40px !important;}\u00bb wpex_bg_overlay=\u00bbdark\u00bb wpex_bg_overlay_color=\u00bbpalette-4724&#8243; wpex_bg_overlay_opacity=\u00bb1&#8243;][vcex_heading text=\u00bbLocalitzaci\u00f3n\u00bb tag=\u00bbh2&#8243; bottom_margin=\u00bb20px\u00bb color=\u00bbpalette-4725&#8243; font_size=\u00bb38px\u00bb text_align=\u00bbleft\u00bb font_family=\u00bbHighVoltage Rough\u00bb text_transform=\u00bbuppercase\u00bb][vc_gmaps link=\u00bb#E-8_JTNDaWZyYW1lJTIwc3JjJTNEJTIyaHR0cHMlM0ElMkYlMkZ3d3cuZ29vZ2xlLmNvbSUyRm1hcHMlMkZlbWJlZCUzRnBiJTNEJTIxMW0xNCUyMTFtOCUyMTFtMyUyMTFkMTk1Ljk1OTQyMjI3NzU1NTIlMjEyZDIuMTA3NTk0JTIxM2Q0MS41NDY4OTk4JTIxM20yJTIxMWkxMDI0JTIxMmk3NjglMjE0ZjEzLjElMjEzbTMlMjExbTIlMjExczB4MTJhNDk1Y2Y5MGNmNmUxMyUyNTNBMHg4M2NkMTI5OWE3MjRjYjFjJTIxMnNQZXRhZG9yJTIxNWUxJTIxM20yJTIxMXNjYSUyMTJzZXMlMjE0djE3NTU2ODU5MDUzMDclMjE1bTIlMjExc2NhJTIxMnNlcyUyMiUyMHdpZHRoJTNEJTIyNjAwJTIyJTIwaGVpZ2h0JTNEJTIyNDUwJTIyJTIwc3R5bGUlM0QlMjJib3JkZXIlM0EwJTNCJTIyJTIwYWxsb3dmdWxsc2NyZWVuJTNEJTIyJTIyJTIwbG9hZGluZyUzRCUyMmxhenklMjIlMjByZWZlcnJlcnBvbGljeSUzRCUyMm5vLXJlZmVycmVyLXdoZW4tZG93bmdyYWRlJTIyJTNFJTNDJTJGaWZyYW1lJTNF\u00bb size=\u00bb350px\u00bb css=\u00bb\u00bb][\/vc_column][\/vc_row][\/vc_section]<\/p>\n","protected":false},"excerpt":{"rendered":"<p>[vc_section full_width=\u00bbstretch_row\u00bb css=\u00bb.vc_custom_1755685334130{padding-top: 80px !important;padding-bottom: 80px !important;}\u00bb][vc_row content_placement=\u00bbtop\u00bb column_spacing=\u00bb0px\u00bb equal_height=\u00bbyes\u00bb remove_bottom_col_margin=\u00bbtrue\u00bb tablet_fullwidth_cols=\u00bbyes\u00bb max_width_custom=\u00bb1350px\u00bb css=\u00bb.vc_custom_1755685360985{padding-bottom: 40px !important;}\u00bb][vc_column parallax=\u00bbcontent-moving\u00bb][vc_column_text css=\u00bb\u00bb text_align=\u00bbcenter\u00bb color=\u00bbpalette-4724&#8243; font_size=\u00bb25px\u00bb font_weight=\u00bb400&#8243; line_height=\u00bbsnug\u00bb width=\u00bb950px\u00bb font_family=\u00bbHelveticaNeue LT Std Roman\u00bb]\u00a1Estamos encantados de hablar contigo! Tanto si quieres realizar una reserva para una degustaci\u00f3n, encargar un lote de productos, o simplemente tienes alguna consulta, puedes contactarnos de la [&hellip;]<\/p>\n","protected":false},"author":1,"featured_media":5066,"parent":0,"menu_order":0,"comment_status":"closed","ping_status":"closed","template":"","meta":{"footnotes":""},"class_list":["post-4987","page","type-page","status-publish","has-post-thumbnail","hentry"],"yoast_head":"<!-- This site is optimized with the Yoast SEO plugin v25.8 - https:\/\/yoast.com\/wordpress\/plugins\/seo\/ -->\n<title>El murri del petador - Petador, sommelier de vins online<\/title>\n<meta name=\"description\" content=\"En el Murri del Petador te asesoraremos como lo har\u00eda un sumiller: r\u00e1pido, f\u00e1cil ya medida. Prueba, descubre y acierta siempre.\" \/>\n<meta name=\"robots\" content=\"noindex, follow, max-snippet:-1, max-image-preview:large, max-video-preview:-1\" \/>\n<meta property=\"og:locale\" content=\"es_ES\" \/>\n<meta property=\"og:type\" content=\"article\" \/>\n<meta property=\"og:title\" content=\"El murri del petador - Petador, sommelier de vins online\" \/>\n<meta property=\"og:description\" content=\"En el Murri del Petador te asesoraremos como lo har\u00eda un sumiller: r\u00e1pido, f\u00e1cil ya medida. Prueba, descubre y acierta siempre.\" \/>\n<meta property=\"og:url\" content=\"https:\/\/petador.cetrexmarketing.com\/es\/contacto\/\" \/>\n<meta property=\"og:site_name\" content=\"Petador, sommelier de vins online\" \/>\n<meta property=\"article:modified_time\" content=\"2025-10-28T10:29:45+00:00\" \/>\n<meta property=\"og:image\" content=\"https:\/\/petador.cetrexmarketing.com\/wp-content\/uploads\/2025\/08\/favicon.png\" \/>\n\t<meta property=\"og:image:width\" content=\"1000\" \/>\n\t<meta property=\"og:image:height\" content=\"1000\" \/>\n\t<meta property=\"og:image:type\" content=\"image\/png\" \/>\n<meta name=\"twitter:card\" content=\"summary_large_image\" \/>\n<meta name=\"twitter:label1\" content=\"Tiempo de lectura\" \/>\n\t<meta name=\"twitter:data1\" content=\"2 minutos\" \/>\n<script type=\"application\/ld+json\" class=\"yoast-schema-graph\">{\"@context\":\"https:\/\/schema.org\",\"@graph\":[{\"@type\":\"WebPage\",\"@id\":\"https:\/\/petador.cetrexmarketing.com\/es\/contacto\/\",\"url\":\"https:\/\/petador.cetrexmarketing.com\/es\/contacto\/\",\"name\":\"El murri del petador - Petador, sommelier de vins online\",\"isPartOf\":{\"@id\":\"https:\/\/petador.cetrexmarketing.com\/#website\"},\"primaryImageOfPage\":{\"@id\":\"https:\/\/petador.cetrexmarketing.com\/es\/contacto\/#primaryimage\"},\"image\":{\"@id\":\"https:\/\/petador.cetrexmarketing.com\/es\/contacto\/#primaryimage\"},\"thumbnailUrl\":\"https:\/\/petador.cetrexmarketing.com\/wp-content\/uploads\/2025\/08\/favicon.png\",\"datePublished\":\"2013-12-03T06:52:47+00:00\",\"dateModified\":\"2025-10-28T10:29:45+00:00\",\"description\":\"En el Murri del Petador te asesoraremos como lo har\u00eda un sumiller: r\u00e1pido, f\u00e1cil ya medida. Prueba, descubre y acierta siempre.\",\"breadcrumb\":{\"@id\":\"https:\/\/petador.cetrexmarketing.com\/es\/contacto\/#breadcrumb\"},\"inLanguage\":\"es\",\"potentialAction\":[{\"@type\":\"ReadAction\",\"target\":[\"https:\/\/petador.cetrexmarketing.com\/es\/contacto\/\"]}]},{\"@type\":\"ImageObject\",\"inLanguage\":\"es\",\"@id\":\"https:\/\/petador.cetrexmarketing.com\/es\/contacto\/#primaryimage\",\"url\":\"https:\/\/petador.cetrexmarketing.com\/wp-content\/uploads\/2025\/08\/favicon.png\",\"contentUrl\":\"https:\/\/petador.cetrexmarketing.com\/wp-content\/uploads\/2025\/08\/favicon.png\",\"width\":1000,\"height\":1000,\"caption\":\"el murri del Petador\"},{\"@type\":\"BreadcrumbList\",\"@id\":\"https:\/\/petador.cetrexmarketing.com\/es\/contacto\/#breadcrumb\",\"itemListElement\":[{\"@type\":\"ListItem\",\"position\":1,\"name\":\"Home\",\"item\":\"https:\/\/petador.cetrexmarketing.com\/\"},{\"@type\":\"ListItem\",\"position\":2,\"name\":\"Contacto\"}]},{\"@type\":\"WebSite\",\"@id\":\"https:\/\/petador.cetrexmarketing.com\/#website\",\"url\":\"https:\/\/petador.cetrexmarketing.com\/\",\"name\":\"Petador, sommelier de vins online\",\"description\":\"El teu sommelier digital\",\"publisher\":{\"@id\":\"https:\/\/petador.cetrexmarketing.com\/#organization\"},\"potentialAction\":[{\"@type\":\"SearchAction\",\"target\":{\"@type\":\"EntryPoint\",\"urlTemplate\":\"https:\/\/petador.cetrexmarketing.com\/?s={search_term_string}\"},\"query-input\":{\"@type\":\"PropertyValueSpecification\",\"valueRequired\":true,\"valueName\":\"search_term_string\"}}],\"inLanguage\":\"es\"},{\"@type\":\"Organization\",\"@id\":\"https:\/\/petador.cetrexmarketing.com\/#organization\",\"name\":\"Petador, sommelier de vins online\",\"url\":\"https:\/\/petador.cetrexmarketing.com\/\",\"logo\":{\"@type\":\"ImageObject\",\"inLanguage\":\"es\",\"@id\":\"https:\/\/petador.cetrexmarketing.com\/#\/schema\/logo\/image\/\",\"url\":\"https:\/\/petador.cetrexmarketing.com\/wp-content\/uploads\/2026\/02\/WhatsApp-Image-2026-01-26-at-11.39.48-4-e1776949549133.png\",\"contentUrl\":\"https:\/\/petador.cetrexmarketing.com\/wp-content\/uploads\/2026\/02\/WhatsApp-Image-2026-01-26-at-11.39.48-4-e1776949549133.png\",\"width\":645,\"height\":283,\"caption\":\"Petador, sommelier de vins online\"},\"image\":{\"@id\":\"https:\/\/petador.cetrexmarketing.com\/#\/schema\/logo\/image\/\"}}]}<\/script>\n<!-- \/ Yoast SEO plugin. -->","yoast_head_json":{"title":"El murri del petador - Petador, sommelier de vins online","description":"En el Murri del Petador te asesoraremos como lo har\u00eda un sumiller: r\u00e1pido, f\u00e1cil ya medida. Prueba, descubre y acierta siempre.","robots":{"index":"noindex","follow":"follow","max-snippet":"max-snippet:-1","max-image-preview":"max-image-preview:large","max-video-preview":"max-video-preview:-1"},"og_locale":"es_ES","og_type":"article","og_title":"El murri del petador - Petador, sommelier de vins online","og_description":"En el Murri del Petador te asesoraremos como lo har\u00eda un sumiller: r\u00e1pido, f\u00e1cil ya medida. Prueba, descubre y acierta siempre.","og_url":"https:\/\/petador.cetrexmarketing.com\/es\/contacto\/","og_site_name":"Petador, sommelier de vins online","article_modified_time":"2025-10-28T10:29:45+00:00","og_image":[{"width":1000,"height":1000,"url":"https:\/\/petador.cetrexmarketing.com\/wp-content\/uploads\/2025\/08\/favicon.png","type":"image\/png"}],"twitter_card":"summary_large_image","twitter_misc":{"Tiempo de lectura":"2 minutos"},"schema":{"@context":"https:\/\/schema.org","@graph":[{"@type":"WebPage","@id":"https:\/\/petador.cetrexmarketing.com\/es\/contacto\/","url":"https:\/\/petador.cetrexmarketing.com\/es\/contacto\/","name":"El murri del petador - Petador, sommelier de vins online","isPartOf":{"@id":"https:\/\/petador.cetrexmarketing.com\/#website"},"primaryImageOfPage":{"@id":"https:\/\/petador.cetrexmarketing.com\/es\/contacto\/#primaryimage"},"image":{"@id":"https:\/\/petador.cetrexmarketing.com\/es\/contacto\/#primaryimage"},"thumbnailUrl":"https:\/\/petador.cetrexmarketing.com\/wp-content\/uploads\/2025\/08\/favicon.png","datePublished":"2013-12-03T06:52:47+00:00","dateModified":"2025-10-28T10:29:45+00:00","description":"En el Murri del Petador te asesoraremos como lo har\u00eda un sumiller: r\u00e1pido, f\u00e1cil ya medida. Prueba, descubre y acierta siempre.","breadcrumb":{"@id":"https:\/\/petador.cetrexmarketing.com\/es\/contacto\/#breadcrumb"},"inLanguage":"es","potentialAction":[{"@type":"ReadAction","target":["https:\/\/petador.cetrexmarketing.com\/es\/contacto\/"]}]},{"@type":"ImageObject","inLanguage":"es","@id":"https:\/\/petador.cetrexmarketing.com\/es\/contacto\/#primaryimage","url":"https:\/\/petador.cetrexmarketing.com\/wp-content\/uploads\/2025\/08\/favicon.png","contentUrl":"https:\/\/petador.cetrexmarketing.com\/wp-content\/uploads\/2025\/08\/favicon.png","width":1000,"height":1000,"caption":"el murri del Petador"},{"@type":"BreadcrumbList","@id":"https:\/\/petador.cetrexmarketing.com\/es\/contacto\/#breadcrumb","itemListElement":[{"@type":"ListItem","position":1,"name":"Home","item":"https:\/\/petador.cetrexmarketing.com\/"},{"@type":"ListItem","position":2,"name":"Contacto"}]},{"@type":"WebSite","@id":"https:\/\/petador.cetrexmarketing.com\/#website","url":"https:\/\/petador.cetrexmarketing.com\/","name":"Petador, sommelier de vins online","description":"El teu sommelier digital","publisher":{"@id":"https:\/\/petador.cetrexmarketing.com\/#organization"},"potentialAction":[{"@type":"SearchAction","target":{"@type":"EntryPoint","urlTemplate":"https:\/\/petador.cetrexmarketing.com\/?s={search_term_string}"},"query-input":{"@type":"PropertyValueSpecification","valueRequired":true,"valueName":"search_term_string"}}],"inLanguage":"es"},{"@type":"Organization","@id":"https:\/\/petador.cetrexmarketing.com\/#organization","name":"Petador, sommelier de vins online","url":"https:\/\/petador.cetrexmarketing.com\/","logo":{"@type":"ImageObject","inLanguage":"es","@id":"https:\/\/petador.cetrexmarketing.com\/#\/schema\/logo\/image\/","url":"https:\/\/petador.cetrexmarketing.com\/wp-content\/uploads\/2026\/02\/WhatsApp-Image-2026-01-26-at-11.39.48-4-e1776949549133.png","contentUrl":"https:\/\/petador.cetrexmarketing.com\/wp-content\/uploads\/2026\/02\/WhatsApp-Image-2026-01-26-at-11.39.48-4-e1776949549133.png","width":645,"height":283,"caption":"Petador, sommelier de vins online"},"image":{"@id":"https:\/\/petador.cetrexmarketing.com\/#\/schema\/logo\/image\/"}}]}},"_links":{"self":[{"href":"https:\/\/petador.cetrexmarketing.com\/es\/wp-json\/wp\/v2\/pages\/4987","targetHints":{"allow":["GET"]}}],"collection":[{"href":"https:\/\/petador.cetrexmarketing.com\/es\/wp-json\/wp\/v2\/pages"}],"about":[{"href":"https:\/\/petador.cetrexmarketing.com\/es\/wp-json\/wp\/v2\/types\/page"}],"author":[{"embeddable":true,"href":"https:\/\/petador.cetrexmarketing.com\/es\/wp-json\/wp\/v2\/users\/1"}],"replies":[{"embeddable":true,"href":"https:\/\/petador.cetrexmarketing.com\/es\/wp-json\/wp\/v2\/comments?post=4987"}],"version-history":[{"count":2,"href":"https:\/\/petador.cetrexmarketing.com\/es\/wp-json\/wp\/v2\/pages\/4987\/revisions"}],"predecessor-version":[{"id":5074,"href":"https:\/\/petador.cetrexmarketing.com\/es\/wp-json\/wp\/v2\/pages\/4987\/revisions\/5074"}],"wp:featuredmedia":[{"embeddable":true,"href":"https:\/\/petador.cetrexmarketing.com\/es\/wp-json\/wp\/v2\/media\/5066"}],"wp:attachment":[{"href":"https:\/\/petador.cetrexmarketing.com\/es\/wp-json\/wp\/v2\/media?parent=4987"}],"curies":[{"name":"wp","href":"https:\/\/api.w.org\/{rel}","templated":true}]}}