{"id":5000,"date":"2025-10-01T10:19:49","date_gmt":"2025-10-01T10:19:49","guid":{"rendered":"https:\/\/petador.cetrexmarketing.com\/?page_id=5000"},"modified":"2025-10-28T11:04:01","modified_gmt":"2025-10-28T11:04:01","slug":"inicio","status":"publish","type":"page","link":"https:\/\/petador.cetrexmarketing.com\/es\/inicio\/","title":{"rendered":"Inicio"},"content":{"rendered":"<p>[vc_row full_width=\u00bbstretch_row_content_no_spaces\u00bb disable_element=\u00bbyes\u00bb remove_bottom_col_margin=\u00bbtrue\u00bb][vc_column][rev_slider slidertitle=\u00bbHomepage\u00bb alias=\u00bbhomepage\u00bb][\/vc_column][\/vc_row][vc_section full_width=\u00bbstretch_row_content\u00bb css=\u00bb.vc_custom_1755681753956{padding-top: 80px !important;padding-bottom: 80px !important;}\u00bb][vc_row column_spacing=\u00bb0px\u00bb gap=\u00bb15&#8243; equal_height=\u00bbyes\u00bb remove_bottom_col_margin=\u00bbtrue\u00bb tablet_fullwidth_cols=\u00bbyes\u00bb max_width_custom=\u00bb1400px\u00bb][vc_column width=\u00bb1\/2&#8243; el_class=\u00bbcaixa-text-home\u00bb][vcex_heading text=\u00bbTu sumiller digital\u00bb tag=\u00bbh1&#8243; text_align=\u00bbleft\u00bb font_size=\u00bb55px\u00bb bottom_margin=\u00bb10px\u00bb color=\u00bbpalette-4723&#8243; text_transform=\u00bbuppercase\u00bb typography_style=\u00bbwpex-h1&#8243; font_family=\u00bbHighVoltage Rough\u00bb][vcex_heading text=\u00bbDescubre nuestro <strong>chat con inteligencia artificial<\/strong>, creado para ayudarte a <strong>elegir el vino perfecto seg\u00fan lo que comas, la ocasi\u00f3n o tus preferencias<\/strong>.\u00bb tag=\u00bbh4&#8243; text_align=\u00bbleft\u00bb font_size=\u00bb24px\u00bb bottom_margin=\u00bb25px\u00bb color=\u00bbpalette-4724&#8243; font_weight=\u00bb400&#8243;][vcex_heading text=\u00bbPru\u00e9balo ahora\u00bb tag=\u00bbh4&#8243; text_align=\u00bbleft\u00bb font_size=\u00bb35px\u00bb bottom_margin=\u00bb10px\u00bb color=\u00bbpalette-4723&#8243; text_transform=\u00bbuppercase\u00bb font_family=\u00bbHighVoltage Rough\u00bb][vc_column_text css=\u00bb\u00bb font_size=\u00bb20px\u00bb color=\u00bbpalette-4724&#8243;]S\u00f3lo tienes que decirle cosas como:<\/p>\n<ul>\n<li>\u00ab\u00bfQu\u00e9 vino va bien con un plato de quesos?\u00bb<\/li>\n<li>\u00abBusco un vino suave para cenar con amigos\u00bb<\/li>\n<li>\u00abQuiero un vino catal\u00e1n para regalar\u00bb<\/li>\n<\/ul>\n<p>Te asesorar\u00e9 como lo har\u00eda un sumiller: r\u00e1pido, f\u00e1cil y a medida.<br \/>\n<strong>Prueba, descubre y acierta siempre.<\/strong>[\/vc_column_text][vcex_spacing][vcex_button icon_type=\u00bbfontawesome\u00bb icon_right_fontawesome=\u00bbfas fa-angle-right\u00bb align=\u00bbleft\u00bb custom_background=\u00bbpalette-4724&#8243; custom_color=\u00bbpalette-4725&#8243; font_size=\u00bb29px\u00bb text_transform=\u00bbuppercase\u00bb custom_hover_background=\u00bbpalette-4723&#8243; custom_hover_color=\u00bbpalette-4725&#8243; el_class=\u00bbbto-petador\u00bb font_family=\u00bbHighVoltage Rough\u00bb onclick_url=\u00bbhttps:\/\/petador.cetrexmarketing.com\/test-buscador-ia\/\u00bb]Prueba el chat sumiller[\/vcex_button][\/vc_column][vc_column parallax=\u00bbcontent-moving\u00bb parallax_image=\u00bb4847&#8243; width=\u00bb1\/2&#8243; min_height=\u00bb500px\u00bb][\/vc_column][\/vc_row][\/vc_section][vc_row full_width=\u00bbstretch_row\u00bb parallax=\u00bbvcex_parallax\u00bb disable_element=\u00bbyes\u00bb remove_bottom_col_margin=\u00bbtrue\u00bb css=\u00bb.vc_custom_1755681836135{border-top-width: 1px !important;border-bottom-width: 1px !important;padding-top: 50px !important;padding-bottom: 50px !important;background-color: #f5f5f5 !important;border-top-style: solid !important;border-bottom-style: solid !important;border-color: #ededed !important;}\u00bb][vc_column][vcex_heading text=\u00bbMake The Right Choice &amp; Choose Total\u00bb tag=\u00bbh2&#8243; font_weight=\u00bbnormal\u00bb text_align=\u00bbcenter\u00bb font_size=\u00bb32px\u00bb css=\u00bb.vc_custom_1476811113565{padding-bottom: 15px !important;}\u00bb][vc_column_text text_align=\u00bbcenter\u00bb font_weight=\u00bb300&#8243; color=\u00bb#777777&#8243; font_size=\u00bb18px\u00bb]Don&#8217;t settle for any theme for your Website, Total is the best choice<br \/>\n&amp; you can buy it today at an affordable price![\/vc_column_text][vcex_spacing][vcex_button url=\u00bbhttps:\/\/1.envato.market\/EPJRe\u00bb rel=\u00bbnofollow\u00bb target=\u00bbblank\u00bb title=\u00bbPurchase Total\u00bb icon_right=\u00bbfa fa-cloud-download\u00bb align=\u00bbcenter\u00bb font_weight=\u00bb400&#8243; font_size=\u00bb16px\u00bb]Purchase Total[\/vcex_button][\/vc_column][\/vc_row]<\/p>\n","protected":false},"excerpt":{"rendered":"<p>[vc_row full_width=\u00bbstretch_row_content_no_spaces\u00bb disable_element=\u00bbyes\u00bb remove_bottom_col_margin=\u00bbtrue\u00bb][vc_column][rev_slider slidertitle=\u00bbHomepage\u00bb alias=\u00bbhomepage\u00bb][\/vc_column][\/vc_row][vc_section full_width=\u00bbstretch_row_content\u00bb css=\u00bb.vc_custom_1755681753956{padding-top: 80px !important;padding-bottom: 80px !important;}\u00bb][vc_row column_spacing=\u00bb0px\u00bb gap=\u00bb15&#8243; equal_height=\u00bbyes\u00bb remove_bottom_col_margin=\u00bbtrue\u00bb tablet_fullwidth_cols=\u00bbyes\u00bb max_width_custom=\u00bb1400px\u00bb][vc_column width=\u00bb1\/2&#8243; el_class=\u00bbcaixa-text-home\u00bb][vcex_heading text=\u00bbTu sumiller digital\u00bb tag=\u00bbh1&#8243; text_align=\u00bbleft\u00bb font_size=\u00bb55px\u00bb bottom_margin=\u00bb10px\u00bb color=\u00bbpalette-4723&#8243; text_transform=\u00bbuppercase\u00bb typography_style=\u00bbwpex-h1&#8243; font_family=\u00bbHighVoltage Rough\u00bb][vcex_heading text=\u00bbDescubre nuestro chat con inteligencia artificial, creado para ayudarte a elegir el vino perfecto seg\u00fan lo que comas, la ocasi\u00f3n o tus preferencias.\u00bb [&hellip;]<\/p>\n","protected":false},"author":1,"featured_media":0,"parent":0,"menu_order":0,"comment_status":"closed","ping_status":"closed","template":"","meta":{"footnotes":""},"class_list":["post-5000","page","type-page","status-publish","hentry"],"yoast_head":"<!-- This site is optimized with the Yoast SEO plugin v25.8 - https:\/\/yoast.com\/wordpress\/plugins\/seo\/ -->\n<title>Inicio - Petador, sommelier de vins online<\/title>\n<meta name=\"robots\" content=\"noindex, follow, max-snippet:-1, max-image-preview:large, max-video-preview:-1\" \/>\n<meta property=\"og:locale\" content=\"es_ES\" \/>\n<meta property=\"og:type\" content=\"article\" \/>\n<meta property=\"og:title\" content=\"Inicio - Petador, sommelier de vins online\" \/>\n<meta property=\"og:description\" content=\"[vc_row full_width=\u00bbstretch_row_content_no_spaces\u00bb disable_element=\u00bbyes\u00bb remove_bottom_col_margin=\u00bbtrue\u00bb][vc_column][rev_slider slidertitle=\u00bbHomepage\u00bb alias=\u00bbhomepage\u00bb][\/vc_column][\/vc_row][vc_section full_width=\u00bbstretch_row_content\u00bb css=\u00bb.vc_custom_1755681753956{padding-top: 80px !important;padding-bottom: 80px !important;}\u00bb][vc_row column_spacing=\u00bb0px\u00bb gap=\u00bb15&#8243; equal_height=\u00bbyes\u00bb remove_bottom_col_margin=\u00bbtrue\u00bb tablet_fullwidth_cols=\u00bbyes\u00bb max_width_custom=\u00bb1400px\u00bb][vc_column width=\u00bb1\/2&#8243; el_class=\u00bbcaixa-text-home\u00bb][vcex_heading text=\u00bbTu sumiller digital\u00bb tag=\u00bbh1&#8243; text_align=\u00bbleft\u00bb font_size=\u00bb55px\u00bb bottom_margin=\u00bb10px\u00bb color=\u00bbpalette-4723&#8243; text_transform=\u00bbuppercase\u00bb typography_style=\u00bbwpex-h1&#8243; font_family=\u00bbHighVoltage Rough\u00bb][vcex_heading text=\u00bbDescubre nuestro chat con inteligencia artificial, creado para ayudarte a elegir el vino perfecto seg\u00fan lo que comas, la ocasi\u00f3n o tus preferencias.\u00bb [&hellip;]\" \/>\n<meta property=\"og:url\" content=\"https:\/\/petador.cetrexmarketing.com\/es\/inicio\/\" \/>\n<meta property=\"og:site_name\" content=\"Petador, sommelier de vins online\" \/>\n<meta property=\"article:modified_time\" content=\"2025-10-28T11:04:01+00:00\" \/>\n<meta name=\"twitter:card\" content=\"summary_large_image\" \/>\n<meta name=\"twitter:label1\" content=\"Tiempo de lectura\" \/>\n\t<meta name=\"twitter:data1\" content=\"2 minutos\" \/>\n<script type=\"application\/ld+json\" class=\"yoast-schema-graph\">{\"@context\":\"https:\/\/schema.org\",\"@graph\":[{\"@type\":\"WebPage\",\"@id\":\"https:\/\/petador.cetrexmarketing.com\/es\/inicio\/\",\"url\":\"https:\/\/petador.cetrexmarketing.com\/es\/inicio\/\",\"name\":\"Inicio - Petador, sommelier de vins online\",\"isPartOf\":{\"@id\":\"https:\/\/petador.cetrexmarketing.com\/#website\"},\"datePublished\":\"2025-10-01T10:19:49+00:00\",\"dateModified\":\"2025-10-28T11:04:01+00:00\",\"breadcrumb\":{\"@id\":\"https:\/\/petador.cetrexmarketing.com\/es\/inicio\/#breadcrumb\"},\"inLanguage\":\"es\",\"potentialAction\":[{\"@type\":\"ReadAction\",\"target\":[\"https:\/\/petador.cetrexmarketing.com\/es\/inicio\/\"]}]},{\"@type\":\"BreadcrumbList\",\"@id\":\"https:\/\/petador.cetrexmarketing.com\/es\/inicio\/#breadcrumb\",\"itemListElement\":[{\"@type\":\"ListItem\",\"position\":1,\"name\":\"Home\",\"item\":\"https:\/\/petador.cetrexmarketing.com\/es\/inicio-2\/\"},{\"@type\":\"ListItem\",\"position\":2,\"name\":\"Inicio\"}]},{\"@type\":\"WebSite\",\"@id\":\"https:\/\/petador.cetrexmarketing.com\/#website\",\"url\":\"https:\/\/petador.cetrexmarketing.com\/\",\"name\":\"Petador, sommelier de vins online\",\"description\":\"El teu sommelier digital\",\"publisher\":{\"@id\":\"https:\/\/petador.cetrexmarketing.com\/#organization\"},\"potentialAction\":[{\"@type\":\"SearchAction\",\"target\":{\"@type\":\"EntryPoint\",\"urlTemplate\":\"https:\/\/petador.cetrexmarketing.com\/?s={search_term_string}\"},\"query-input\":{\"@type\":\"PropertyValueSpecification\",\"valueRequired\":true,\"valueName\":\"search_term_string\"}}],\"inLanguage\":\"es\"},{\"@type\":\"Organization\",\"@id\":\"https:\/\/petador.cetrexmarketing.com\/#organization\",\"name\":\"Petador, sommelier de vins online\",\"url\":\"https:\/\/petador.cetrexmarketing.com\/\",\"logo\":{\"@type\":\"ImageObject\",\"inLanguage\":\"es\",\"@id\":\"https:\/\/petador.cetrexmarketing.com\/#\/schema\/logo\/image\/\",\"url\":\"https:\/\/petador.cetrexmarketing.com\/wp-content\/uploads\/2026\/02\/WhatsApp-Image-2026-01-26-at-11.39.48-4.png\",\"contentUrl\":\"https:\/\/petador.cetrexmarketing.com\/wp-content\/uploads\/2026\/02\/WhatsApp-Image-2026-01-26-at-11.39.48-4.png\",\"width\":645,\"height\":283,\"caption\":\"Petador, sommelier de vins online\"},\"image\":{\"@id\":\"https:\/\/petador.cetrexmarketing.com\/#\/schema\/logo\/image\/\"}}]}<\/script>\n<!-- \/ Yoast SEO plugin. -->","yoast_head_json":{"title":"Inicio - Petador, sommelier de vins online","robots":{"index":"noindex","follow":"follow","max-snippet":"max-snippet:-1","max-image-preview":"max-image-preview:large","max-video-preview":"max-video-preview:-1"},"og_locale":"es_ES","og_type":"article","og_title":"Inicio - Petador, sommelier de vins online","og_description":"[vc_row full_width=\u00bbstretch_row_content_no_spaces\u00bb disable_element=\u00bbyes\u00bb remove_bottom_col_margin=\u00bbtrue\u00bb][vc_column][rev_slider slidertitle=\u00bbHomepage\u00bb alias=\u00bbhomepage\u00bb][\/vc_column][\/vc_row][vc_section full_width=\u00bbstretch_row_content\u00bb css=\u00bb.vc_custom_1755681753956{padding-top: 80px !important;padding-bottom: 80px !important;}\u00bb][vc_row column_spacing=\u00bb0px\u00bb gap=\u00bb15&#8243; equal_height=\u00bbyes\u00bb remove_bottom_col_margin=\u00bbtrue\u00bb tablet_fullwidth_cols=\u00bbyes\u00bb max_width_custom=\u00bb1400px\u00bb][vc_column width=\u00bb1\/2&#8243; el_class=\u00bbcaixa-text-home\u00bb][vcex_heading text=\u00bbTu sumiller digital\u00bb tag=\u00bbh1&#8243; text_align=\u00bbleft\u00bb font_size=\u00bb55px\u00bb bottom_margin=\u00bb10px\u00bb color=\u00bbpalette-4723&#8243; text_transform=\u00bbuppercase\u00bb typography_style=\u00bbwpex-h1&#8243; font_family=\u00bbHighVoltage Rough\u00bb][vcex_heading text=\u00bbDescubre nuestro chat con inteligencia artificial, creado para ayudarte a elegir el vino perfecto seg\u00fan lo que comas, la ocasi\u00f3n o tus preferencias.\u00bb [&hellip;]","og_url":"https:\/\/petador.cetrexmarketing.com\/es\/inicio\/","og_site_name":"Petador, sommelier de vins online","article_modified_time":"2025-10-28T11:04:01+00:00","twitter_card":"summary_large_image","twitter_misc":{"Tiempo de lectura":"2 minutos"},"schema":{"@context":"https:\/\/schema.org","@graph":[{"@type":"WebPage","@id":"https:\/\/petador.cetrexmarketing.com\/es\/inicio\/","url":"https:\/\/petador.cetrexmarketing.com\/es\/inicio\/","name":"Inicio - Petador, sommelier de vins online","isPartOf":{"@id":"https:\/\/petador.cetrexmarketing.com\/#website"},"datePublished":"2025-10-01T10:19:49+00:00","dateModified":"2025-10-28T11:04:01+00:00","breadcrumb":{"@id":"https:\/\/petador.cetrexmarketing.com\/es\/inicio\/#breadcrumb"},"inLanguage":"es","potentialAction":[{"@type":"ReadAction","target":["https:\/\/petador.cetrexmarketing.com\/es\/inicio\/"]}]},{"@type":"BreadcrumbList","@id":"https:\/\/petador.cetrexmarketing.com\/es\/inicio\/#breadcrumb","itemListElement":[{"@type":"ListItem","position":1,"name":"Home","item":"https:\/\/petador.cetrexmarketing.com\/es\/inicio-2\/"},{"@type":"ListItem","position":2,"name":"Inicio"}]},{"@type":"WebSite","@id":"https:\/\/petador.cetrexmarketing.com\/#website","url":"https:\/\/petador.cetrexmarketing.com\/","name":"Petador, sommelier de vins online","description":"El teu sommelier digital","publisher":{"@id":"https:\/\/petador.cetrexmarketing.com\/#organization"},"potentialAction":[{"@type":"SearchAction","target":{"@type":"EntryPoint","urlTemplate":"https:\/\/petador.cetrexmarketing.com\/?s={search_term_string}"},"query-input":{"@type":"PropertyValueSpecification","valueRequired":true,"valueName":"search_term_string"}}],"inLanguage":"es"},{"@type":"Organization","@id":"https:\/\/petador.cetrexmarketing.com\/#organization","name":"Petador, sommelier de vins online","url":"https:\/\/petador.cetrexmarketing.com\/","logo":{"@type":"ImageObject","inLanguage":"es","@id":"https:\/\/petador.cetrexmarketing.com\/#\/schema\/logo\/image\/","url":"https:\/\/petador.cetrexmarketing.com\/wp-content\/uploads\/2026\/02\/WhatsApp-Image-2026-01-26-at-11.39.48-4.png","contentUrl":"https:\/\/petador.cetrexmarketing.com\/wp-content\/uploads\/2026\/02\/WhatsApp-Image-2026-01-26-at-11.39.48-4.png","width":645,"height":283,"caption":"Petador, sommelier de vins online"},"image":{"@id":"https:\/\/petador.cetrexmarketing.com\/#\/schema\/logo\/image\/"}}]}},"_links":{"self":[{"href":"https:\/\/petador.cetrexmarketing.com\/es\/wp-json\/wp\/v2\/pages\/5000","targetHints":{"allow":["GET"]}}],"collection":[{"href":"https:\/\/petador.cetrexmarketing.com\/es\/wp-json\/wp\/v2\/pages"}],"about":[{"href":"https:\/\/petador.cetrexmarketing.com\/es\/wp-json\/wp\/v2\/types\/page"}],"author":[{"embeddable":true,"href":"https:\/\/petador.cetrexmarketing.com\/es\/wp-json\/wp\/v2\/users\/1"}],"replies":[{"embeddable":true,"href":"https:\/\/petador.cetrexmarketing.com\/es\/wp-json\/wp\/v2\/comments?post=5000"}],"version-history":[{"count":3,"href":"https:\/\/petador.cetrexmarketing.com\/es\/wp-json\/wp\/v2\/pages\/5000\/revisions"}],"predecessor-version":[{"id":5085,"href":"https:\/\/petador.cetrexmarketing.com\/es\/wp-json\/wp\/v2\/pages\/5000\/revisions\/5085"}],"wp:attachment":[{"href":"https:\/\/petador.cetrexmarketing.com\/es\/wp-json\/wp\/v2\/media?parent=5000"}],"curies":[{"name":"wp","href":"https:\/\/api.w.org\/{rel}","templated":true}]}}